{"id":105,"date":"2017-11-30T03:06:50","date_gmt":"2017-11-30T03:06:50","guid":{"rendered":"http:\/\/fenaer.org\/wordpress\/wordpress\/?page_id=105"},"modified":"2017-12-11T15:15:01","modified_gmt":"2017-12-11T15:15:01","slug":"mision-y-vision","status":"publish","type":"page","link":"https:\/\/fenaer.org\/?page_id=105","title":{"rendered":"Misi\u00f3n"},"content":{"rendered":"<figure id=\"attachment_678\" aria-describedby=\"caption-attachment-678\" style=\"width: 1011px\" class=\"wp-caption aligncenter\"><img loading=\"lazy\" decoding=\"async\" class=\"wp-image-678\" src=\"http:\/\/fenaer.org\/wordpress\/wordpress\/wp-content\/uploads\/2017\/12\/thought-2123970_1920-300x208.jpg\" alt=\"\" width=\"1011\" height=\"703\" srcset=\"https:\/\/fenaer.org\/wp-content\/uploads\/2017\/12\/thought-2123970_1920-300x208.jpg 300w, https:\/\/fenaer.org\/wp-content\/uploads\/2017\/12\/thought-2123970_1920-768x534.jpg 768w, https:\/\/fenaer.org\/wp-content\/uploads\/2017\/12\/thought-2123970_1920-1024x711.jpg 1024w, https:\/\/fenaer.org\/wp-content\/uploads\/2017\/12\/thought-2123970_1920-830x577.jpg 830w, https:\/\/fenaer.org\/wp-content\/uploads\/2017\/12\/thought-2123970_1920-230x160.jpg 230w, https:\/\/fenaer.org\/wp-content\/uploads\/2017\/12\/thought-2123970_1920-350x243.jpg 350w, https:\/\/fenaer.org\/wp-content\/uploads\/2017\/12\/thought-2123970_1920-480x334.jpg 480w, https:\/\/fenaer.org\/wp-content\/uploads\/2017\/12\/thought-2123970_1920.jpg 1920w\" sizes=\"(max-width: 1011px) 100vw, 1011px\" \/><figcaption id=\"caption-attachment-678\" class=\"wp-caption-text\"><span style=\"color: #000000;\"> Promover y contribuir a la masificaci\u00f3n del uso de fuentes no convencionales de Energ\u00edas Renovables con el fin de reducir gases de efecto invernadero, lograr la soberan\u00eda y autonom\u00eda energ\u00e9tica y generar nuevas fuentes de empleo que permitan al pa\u00eds ser l\u00edder mundial en el campo de las Energ\u00edas Renovables.<\/span><\/figcaption><\/figure>\n","protected":false},"excerpt":{"rendered":"","protected":false},"author":1,"featured_media":0,"parent":0,"menu_order":0,"comment_status":"closed","ping_status":"closed","template":"page-templates\/page_fullwidth.php","meta":{"footnotes":""},"_links":{"self":[{"href":"https:\/\/fenaer.org\/index.php?rest_route=\/wp\/v2\/pages\/105"}],"collection":[{"href":"https:\/\/fenaer.org\/index.php?rest_route=\/wp\/v2\/pages"}],"about":[{"href":"https:\/\/fenaer.org\/index.php?rest_route=\/wp\/v2\/types\/page"}],"author":[{"embeddable":true,"href":"https:\/\/fenaer.org\/index.php?rest_route=\/wp\/v2\/users\/1"}],"replies":[{"embeddable":true,"href":"https:\/\/fenaer.org\/index.php?rest_route=%2Fwp%2Fv2%2Fcomments&post=105"}],"version-history":[{"count":5,"href":"https:\/\/fenaer.org\/index.php?rest_route=\/wp\/v2\/pages\/105\/revisions"}],"predecessor-version":[{"id":684,"href":"https:\/\/fenaer.org\/index.php?rest_route=\/wp\/v2\/pages\/105\/revisions\/684"}],"wp:attachment":[{"href":"https:\/\/fenaer.org\/index.php?rest_route=%2Fwp%2Fv2%2Fmedia&parent=105"}],"curies":[{"name":"wp","href":"https:\/\/api.w.org\/{rel}","templated":true}]}}