{"id":20,"date":"2017-11-27T21:13:33","date_gmt":"2017-11-27T21:13:33","guid":{"rendered":"http:\/\/fenaer.org\/wordpress\/wordpress\/?page_id=20"},"modified":"2024-01-15T16:19:15","modified_gmt":"2024-01-15T21:19:15","slug":"nosotros","status":"publish","type":"page","link":"https:\/\/fenaer.org\/","title":{"rendered":"La Federaci\u00f3n Nacional de Energ\u00edas Renovables los invita muy cordialmente a participar de la versi\u00f3n ANDREC 2018 donde nos reuniremos con 500 empresas l\u00edderes del sector de las energ\u00edas renovables a nivel mundial. Los federados pueden obtener el 10% de descuento y formar parte de este grandioso evento que representa un potencial importante para el desarrollo de negocios con FNCER."},"content":{"rendered":"<div id=\"pl-20\"  class=\"panel-layout\" ><div id=\"pg-20-0\"  class=\"panel-grid panel-has-style\" ><div style=\"padding: 100px 0; \" data-overlay=\"true\" data-overlay-color=\"#000000\" class=\"panel-row-style panel-row-style-for-20-0\" ><div id=\"pgc-20-0-0\"  class=\"panel-grid-cell\" ><div id=\"panel-20-0-0-0\" class=\"so-panel widget widget_media_image panel-first-child panel-last-child\" data-index=\"0\" ><div style=\"text-align: left;\" data-title-color=\"#443f3f\" data-headings-color=\"#443f3f\" class=\"panel-widget-style panel-widget-style-for-20-0-0-0\" ><a href=\"https:\/\/fenaer.org\/wp-content\/uploads\/2018\/06\/andrex.jpg\"><img loading=\"lazy\" decoding=\"async\" width=\"619\" height=\"374\" src=\"https:\/\/fenaer.org\/wp-content\/uploads\/2018\/06\/andrex.jpg\" class=\"image wp-image-1007  attachment-full size-full\" alt=\"\" style=\"max-width: 100%; height: auto;\" srcset=\"https:\/\/fenaer.org\/wp-content\/uploads\/2018\/06\/andrex.jpg 619w, https:\/\/fenaer.org\/wp-content\/uploads\/2018\/06\/andrex-300x181.jpg 300w, https:\/\/fenaer.org\/wp-content\/uploads\/2018\/06\/andrex-230x139.jpg 230w, https:\/\/fenaer.org\/wp-content\/uploads\/2018\/06\/andrex-350x211.jpg 350w, https:\/\/fenaer.org\/wp-content\/uploads\/2018\/06\/andrex-480x290.jpg 480w\" sizes=\"(max-width: 619px) 100vw, 619px\" \/><\/a><\/div><\/div><\/div><div id=\"pgc-20-0-1\"  class=\"panel-grid-cell\" ><div id=\"panel-20-0-1-0\" class=\"so-panel widget widget_media_image panel-first-child panel-last-child\" data-index=\"1\" ><div style=\"text-align: left;\" data-title-color=\"#443f3f\" data-headings-color=\"#443f3f\" class=\"panel-widget-style panel-widget-style-for-20-0-1-0\" ><a href=\"https:\/\/fenaer.org\/wp-content\/uploads\/2018\/06\/andrex2.jpg\"><img loading=\"lazy\" decoding=\"async\" width=\"832\" height=\"601\" src=\"https:\/\/fenaer.org\/wp-content\/uploads\/2018\/06\/andrex2.jpg\" class=\"image wp-image-1012  attachment-full size-full\" alt=\"\" style=\"max-width: 100%; height: auto;\" srcset=\"https:\/\/fenaer.org\/wp-content\/uploads\/2018\/06\/andrex2.jpg 832w, https:\/\/fenaer.org\/wp-content\/uploads\/2018\/06\/andrex2-300x217.jpg 300w, https:\/\/fenaer.org\/wp-content\/uploads\/2018\/06\/andrex2-768x555.jpg 768w, https:\/\/fenaer.org\/wp-content\/uploads\/2018\/06\/andrex2-830x600.jpg 830w, https:\/\/fenaer.org\/wp-content\/uploads\/2018\/06\/andrex2-230x166.jpg 230w, https:\/\/fenaer.org\/wp-content\/uploads\/2018\/06\/andrex2-350x253.jpg 350w, https:\/\/fenaer.org\/wp-content\/uploads\/2018\/06\/andrex2-480x347.jpg 480w\" sizes=\"(max-width: 832px) 100vw, 832px\" \/><\/a><\/div><\/div><\/div><\/div><\/div><div id=\"pg-20-1\"  class=\"panel-grid panel-has-style\" ><div style=\"padding: 100px 0; \" data-overlay=\"true\" data-overlay-color=\"#000000\" class=\"panel-row-style panel-row-style-for-20-1\" ><div id=\"pgc-20-1-0\"  class=\"panel-grid-cell\" ><div id=\"panel-20-1-0-0\" class=\"so-panel widget widget_text panel-first-child panel-last-child\" data-index=\"2\" ><div style=\"text-align: left;\" data-title-color=\"#443f3f\" data-headings-color=\"#443f3f\" class=\"panel-widget-style panel-widget-style-for-20-1-0-0\" ><h3 class=\"widget-title\">Renpower Colombia &#8211; The Renewable Energy &#038; Power Infrastructure Investors Conference<\/h3>\t\t\t<div class=\"textwidget\"><p><a href=\"https:\/\/fenaer.org\/?attachment_id=1019\" rel=\"attachment wp-att-1019\"><img loading=\"lazy\" decoding=\"async\" class=\"aligncenter size-full wp-image-1019\" src=\"https:\/\/fenaer.org\/wp-content\/uploads\/2018\/06\/Newsletter.gif\" alt=\"\" width=\"650\" height=\"221\" \/><\/a><\/p>\n<p>&nbsp;<\/p>\n<p><a href=\"http:\/\/fenaer.org\/?attachment_id=1019\" rel=\"attachment wp-att-1019\"><b><span lang=\"ES\">RENPOWER COLOMBIA<\/span><\/b><span lang=\"ES\">\u00a0se presenta como una plataforma informativa y de \u201cnetworking\u201d con el objetivo principal de atraer m\u00e1s inversiones y de promover la colaboraci\u00f3n entre accionistas del mundo financiero y de la tecnolog\u00eda en el sector de energ\u00edas renovables.\u00a0Entre los ponentes confirmados se encuentran altos representantes de la siguientes organizaciones y empresas:\u00a0<b>MINMINAS ,\u00a0UPME, ANLA, XM, IPSE, OPIC,\u00a0KfW,\u00a0Bancoldex, Banco Mundial, SER Colombia,\u00a0Diverxia<\/b>\u00a0y muchos m\u00e1s.\u00a0<\/span><\/a>&#8230;.<\/p>\n<\/div>\n\t\t<\/div><\/div><\/div><\/div><\/div><div id=\"pg-20-2\"  class=\"panel-grid panel-has-style\" ><div style=\"padding: 100px 0; \" data-overlay=\"true\" data-overlay-color=\"#000000\" class=\"panel-row-style panel-row-style-for-20-2\" ><div id=\"pgc-20-2-0\"  class=\"panel-grid-cell\" ><div id=\"panel-20-2-0-0\" class=\"so-panel widget widget_text panel-first-child panel-last-child\" data-index=\"3\" ><div style=\"text-align: left;\" data-title-color=\"#443f3f\" data-headings-color=\"#443f3f\" class=\"panel-widget-style panel-widget-style-for-20-2-0-0\" ><h3 class=\"widget-title\">\u00bfLa Energ\u00eda Solar en Colombia es Rentable?<\/h3>\t\t\t<div class=\"textwidget\"><p><a href=\"https:\/\/fenaer.funcener.org\/?attachment_id=911\" rel=\"attachment wp-att-911\"><img loading=\"lazy\" decoding=\"async\" class=\"aligncenter size-full wp-image-911\" src=\"https:\/\/fenaer.org\/wp-content\/uploads\/2018\/02\/david-tipping.png\" alt=\"\" width=\"1189\" height=\"486\" srcset=\"https:\/\/fenaer.org\/wp-content\/uploads\/2018\/02\/david-tipping.png 1189w, https:\/\/fenaer.org\/wp-content\/uploads\/2018\/02\/david-tipping-300x123.png 300w, https:\/\/fenaer.org\/wp-content\/uploads\/2018\/02\/david-tipping-768x314.png 768w, https:\/\/fenaer.org\/wp-content\/uploads\/2018\/02\/david-tipping-1024x419.png 1024w, https:\/\/fenaer.org\/wp-content\/uploads\/2018\/02\/david-tipping-830x339.png 830w, https:\/\/fenaer.org\/wp-content\/uploads\/2018\/02\/david-tipping-230x94.png 230w, https:\/\/fenaer.org\/wp-content\/uploads\/2018\/02\/david-tipping-350x143.png 350w, https:\/\/fenaer.org\/wp-content\/uploads\/2018\/02\/david-tipping-480x196.png 480w\" sizes=\"(max-width: 1189px) 100vw, 1189px\" \/><\/a><\/p>\n<\/div>\n\t\t<\/div><\/div><\/div><div id=\"pgc-20-2-1\"  class=\"panel-grid-cell\" ><div id=\"panel-20-2-1-0\" class=\"so-panel widget widget_text panel-first-child panel-last-child\" data-index=\"4\" ><div style=\"text-align: left;\" data-title-color=\"#443f3f\" data-headings-color=\"#443f3f\" class=\"panel-widget-style panel-widget-style-for-20-2-1-0\" ><h3 class=\"widget-title\">Como va colombia en energia renovable<\/h3>\t\t\t<div class=\"textwidget\"><p><a href=\"http:\/\/fenaer.org\/?attachment_id=879\">La firma del acuerdo de cooperacion en energias renovables entre colombia y austria abre la puerta para que los ciudadanos se pregunten que avances ha vivido el campo en territorio nacional<\/a><\/p>\n<\/div>\n\t\t<\/div><\/div><\/div><div id=\"pgc-20-2-2\"  class=\"panel-grid-cell\" ><div id=\"panel-20-2-2-0\" class=\"so-panel widget widget_text panel-first-child panel-last-child\" data-index=\"5\" ><div style=\"text-align: left;\" data-title-color=\"#443f3f\" data-headings-color=\"#443f3f\" class=\"panel-widget-style panel-widget-style-for-20-2-2-0\" ><h3 class=\"widget-title\">Jornada de socialiacion a gran escala<\/h3>\t\t\t<div class=\"textwidget\"><p><a href=\"https:\/\/fenaer.org\/?attachment_id=892\" rel=\"attachment wp-att-892\"><img loading=\"lazy\" decoding=\"async\" class=\"aligncenter size-full wp-image-892\" src=\"https:\/\/fenaer.funcener.org\/wp-content\/uploads\/2018\/02\/image-1.png\" alt=\"\" width=\"761\" height=\"311\" srcset=\"https:\/\/fenaer.org\/wp-content\/uploads\/2018\/02\/image-1.png 761w, https:\/\/fenaer.org\/wp-content\/uploads\/2018\/02\/image-1-300x123.png 300w, https:\/\/fenaer.org\/wp-content\/uploads\/2018\/02\/image-1-230x94.png 230w, https:\/\/fenaer.org\/wp-content\/uploads\/2018\/02\/image-1-350x143.png 350w, https:\/\/fenaer.org\/wp-content\/uploads\/2018\/02\/image-1-480x196.png 480w\" sizes=\"(max-width: 761px) 100vw, 761px\" \/><\/a><\/p>\n<\/div>\n\t\t<\/div><\/div><\/div><\/div><\/div><div id=\"pg-20-3\"  class=\"panel-grid panel-has-style\" ><div style=\"padding: 100px 0; \" data-overlay=\"true\" data-overlay-color=\"#000000\" class=\"panel-row-style panel-row-style-for-20-3\" ><div id=\"pgc-20-3-0\"  class=\"panel-grid-cell\" ><div id=\"panel-20-3-0-0\" class=\"so-panel widget widget_sydney_clients sydney_clients_widget panel-first-child panel-last-child\" data-index=\"6\" ><div style=\"text-align: center;\" data-title-color=\"#443f3f\" data-headings-color=\"#443f3f\" class=\"panel-widget-style panel-widget-style-for-20-3-0-0\" >\r\n\r\n\t\t\t<h3 class=\"widget-title\">Nuestros Aliados<\/h3>\t\t\t\t<div class=\"roll-client\">\r\n\t\t\t\t\t\t\t\t\t\t\t\t\t\t\t\t\t\t\t\t<div class=\"client-item\">\r\n\t\t\t\t\t\t\t\t\t\t\t\t\t\t\t<a target=\"_self\" href=\"http:\/\/www.fenaltec.org.co\"><img loading=\"lazy\" decoding=\"async\" width=\"1200\" height=\"1200\" src=\"https:\/\/fenaer.org\/wp-content\/uploads\/2018\/04\/WhatsApp-Image-2018-04-02-at-11.25.46-AM.jpeg\" class=\"attachment-post-thumbnail size-post-thumbnail wp-post-image\" alt=\"\" srcset=\"https:\/\/fenaer.org\/wp-content\/uploads\/2018\/04\/WhatsApp-Image-2018-04-02-at-11.25.46-AM.jpeg 1200w, https:\/\/fenaer.org\/wp-content\/uploads\/2018\/04\/WhatsApp-Image-2018-04-02-at-11.25.46-AM-150x150.jpeg 150w, https:\/\/fenaer.org\/wp-content\/uploads\/2018\/04\/WhatsApp-Image-2018-04-02-at-11.25.46-AM-300x300.jpeg 300w, https:\/\/fenaer.org\/wp-content\/uploads\/2018\/04\/WhatsApp-Image-2018-04-02-at-11.25.46-AM-768x768.jpeg 768w, https:\/\/fenaer.org\/wp-content\/uploads\/2018\/04\/WhatsApp-Image-2018-04-02-at-11.25.46-AM-1024x1024.jpeg 1024w, https:\/\/fenaer.org\/wp-content\/uploads\/2018\/04\/WhatsApp-Image-2018-04-02-at-11.25.46-AM-830x830.jpeg 830w, https:\/\/fenaer.org\/wp-content\/uploads\/2018\/04\/WhatsApp-Image-2018-04-02-at-11.25.46-AM-230x230.jpeg 230w, https:\/\/fenaer.org\/wp-content\/uploads\/2018\/04\/WhatsApp-Image-2018-04-02-at-11.25.46-AM-350x350.jpeg 350w, https:\/\/fenaer.org\/wp-content\/uploads\/2018\/04\/WhatsApp-Image-2018-04-02-at-11.25.46-AM-480x480.jpeg 480w\" sizes=\"(max-width: 1200px) 100vw, 1200px\" \/><\/a>\r\n\t\t\t\t\t\t\t\t\t\t\t\t\t<\/div>\r\n\t\t\t\t\t\t\t\t\t\t\t\t\t\t\t\t\t\t\t\t\t\t\t\t\t<div class=\"client-item\">\r\n\t\t\t\t\t\t\t\t\t\t\t\t\t\t\t<a target=\"_self\" href=\"http:\/\/www.conte.org.co\"><img loading=\"lazy\" decoding=\"async\" width=\"1200\" height=\"1200\" src=\"https:\/\/fenaer.org\/wp-content\/uploads\/2018\/04\/conte.jpeg\" class=\"attachment-post-thumbnail size-post-thumbnail wp-post-image\" alt=\"\" srcset=\"https:\/\/fenaer.org\/wp-content\/uploads\/2018\/04\/conte.jpeg 1200w, https:\/\/fenaer.org\/wp-content\/uploads\/2018\/04\/conte-150x150.jpeg 150w, https:\/\/fenaer.org\/wp-content\/uploads\/2018\/04\/conte-300x300.jpeg 300w, https:\/\/fenaer.org\/wp-content\/uploads\/2018\/04\/conte-768x768.jpeg 768w, https:\/\/fenaer.org\/wp-content\/uploads\/2018\/04\/conte-1024x1024.jpeg 1024w, https:\/\/fenaer.org\/wp-content\/uploads\/2018\/04\/conte-830x830.jpeg 830w, https:\/\/fenaer.org\/wp-content\/uploads\/2018\/04\/conte-230x230.jpeg 230w, https:\/\/fenaer.org\/wp-content\/uploads\/2018\/04\/conte-350x350.jpeg 350w, https:\/\/fenaer.org\/wp-content\/uploads\/2018\/04\/conte-480x480.jpeg 480w\" sizes=\"(max-width: 1200px) 100vw, 1200px\" \/><\/a>\r\n\t\t\t\t\t\t\t\t\t\t\t\t\t<\/div>\r\n\t\t\t\t\t\t\t\t\t\t\t\t\t\t\t\t\t\t\t\t\t\t\t\t\t<div class=\"client-item\">\r\n\t\t\t\t\t\t\t\t\t\t\t\t\t\t\t<a target=\"_self\" href=\"http:\/\/www.sintraelecol.org\"><img loading=\"lazy\" decoding=\"async\" width=\"1200\" height=\"1200\" src=\"https:\/\/fenaer.org\/wp-content\/uploads\/2018\/04\/sintrael.jpeg\" class=\"attachment-post-thumbnail size-post-thumbnail wp-post-image\" alt=\"\" srcset=\"https:\/\/fenaer.org\/wp-content\/uploads\/2018\/04\/sintrael.jpeg 1200w, https:\/\/fenaer.org\/wp-content\/uploads\/2018\/04\/sintrael-150x150.jpeg 150w, https:\/\/fenaer.org\/wp-content\/uploads\/2018\/04\/sintrael-300x300.jpeg 300w, https:\/\/fenaer.org\/wp-content\/uploads\/2018\/04\/sintrael-768x768.jpeg 768w, https:\/\/fenaer.org\/wp-content\/uploads\/2018\/04\/sintrael-1024x1024.jpeg 1024w, https:\/\/fenaer.org\/wp-content\/uploads\/2018\/04\/sintrael-830x830.jpeg 830w, https:\/\/fenaer.org\/wp-content\/uploads\/2018\/04\/sintrael-230x230.jpeg 230w, https:\/\/fenaer.org\/wp-content\/uploads\/2018\/04\/sintrael-350x350.jpeg 350w, https:\/\/fenaer.org\/wp-content\/uploads\/2018\/04\/sintrael-480x480.jpeg 480w\" sizes=\"(max-width: 1200px) 100vw, 1200px\" \/><\/a>\r\n\t\t\t\t\t\t\t\t\t\t\t\t\t<\/div>\r\n\t\t\t\t\t\t\t\t\t\t\t\t\t\t\t\t\t\t\t\t\t\t\t\t\t<div class=\"client-item\">\r\n\t\t\t\t\t\t\t\t\t\t\t\t\t\t\t<a target=\"_self\" href=\"http:\/\/www.jasolar.com\/\"><img loading=\"lazy\" decoding=\"async\" width=\"168\" height=\"31\" src=\"https:\/\/fenaer.org\/wp-content\/uploads\/2018\/02\/ja_logo.png\" class=\"attachment-post-thumbnail size-post-thumbnail wp-post-image\" alt=\"\" \/><\/a>\r\n\t\t\t\t\t\t\t\t\t\t\t\t\t<\/div>\r\n\t\t\t\t\t\t\t\t\t\t\t\t\t\t\t\t\t\t\t\t\t\t\t\t\t<div class=\"client-item\">\r\n\t\t\t\t\t\t\t\t\t\t\t\t\t\t\t<a target=\"_self\" href=\"http:\/\/www.irena.org\/\"><img loading=\"lazy\" decoding=\"async\" width=\"696\" height=\"176\" src=\"https:\/\/fenaer.org\/wp-content\/uploads\/2018\/02\/logo-irena-main.png\" class=\"attachment-post-thumbnail size-post-thumbnail wp-post-image\" alt=\"\" srcset=\"https:\/\/fenaer.org\/wp-content\/uploads\/2018\/02\/logo-irena-main.png 696w, https:\/\/fenaer.org\/wp-content\/uploads\/2018\/02\/logo-irena-main-300x76.png 300w, https:\/\/fenaer.org\/wp-content\/uploads\/2018\/02\/logo-irena-main-230x58.png 230w, https:\/\/fenaer.org\/wp-content\/uploads\/2018\/02\/logo-irena-main-350x89.png 350w, https:\/\/fenaer.org\/wp-content\/uploads\/2018\/02\/logo-irena-main-480x121.png 480w\" sizes=\"(max-width: 696px) 100vw, 696px\" \/><\/a>\r\n\t\t\t\t\t\t\t\t\t\t\t\t\t<\/div>\r\n\t\t\t\t\t\t\t\t\t\t\t\t\t\t\t\t\t\t\t\t\t\t\t\t\t<div class=\"client-item\">\r\n\t\t\t\t\t\t\t\t\t\t\t\t\t\t\t<a target=\"_self\" href=\"http:\/\/nacleanenergy.com\/\"><img loading=\"lazy\" decoding=\"async\" width=\"320\" height=\"60\" src=\"https:\/\/fenaer.org\/wp-content\/uploads\/2018\/02\/logoclean.png\" class=\"attachment-post-thumbnail size-post-thumbnail wp-post-image\" alt=\"\" srcset=\"https:\/\/fenaer.org\/wp-content\/uploads\/2018\/02\/logoclean.png 320w, https:\/\/fenaer.org\/wp-content\/uploads\/2018\/02\/logoclean-300x56.png 300w, https:\/\/fenaer.org\/wp-content\/uploads\/2018\/02\/logoclean-230x43.png 230w\" sizes=\"(max-width: 320px) 100vw, 320px\" \/><\/a>\r\n\t\t\t\t\t\t\t\t\t\t\t\t\t<\/div>\r\n\t\t\t\t\t\t\t\t\t\t\t\t\t\t\t\t\t\t\t\t\t\t\t\t\t<div class=\"client-item\">\r\n\t\t\t\t\t\t\t\t\t\t\t\t\t\t\t<a target=\"_self\" href=\"http:\/\/www.urosario.edu.co\/\"><img loading=\"lazy\" decoding=\"async\" width=\"409\" height=\"319\" src=\"https:\/\/fenaer.org\/wp-content\/uploads\/2017\/12\/universidad-del-rosario.png\" class=\"attachment-post-thumbnail size-post-thumbnail wp-post-image\" alt=\"\" srcset=\"https:\/\/fenaer.org\/wp-content\/uploads\/2017\/12\/universidad-del-rosario.png 409w, https:\/\/fenaer.org\/wp-content\/uploads\/2017\/12\/universidad-del-rosario-300x234.png 300w, https:\/\/fenaer.org\/wp-content\/uploads\/2017\/12\/universidad-del-rosario-230x179.png 230w, https:\/\/fenaer.org\/wp-content\/uploads\/2017\/12\/universidad-del-rosario-350x273.png 350w\" sizes=\"(max-width: 409px) 100vw, 409px\" \/><\/a>\r\n\t\t\t\t\t\t\t\t\t\t\t\t\t<\/div>\r\n\t\t\t\t\t\t\t\t\t\t\t\t\t\t\t\t\t\t\t\t\t\t\t\t\t<div class=\"client-item\">\r\n\t\t\t\t\t\t\t\t\t\t\t\t\t\t\t<img loading=\"lazy\" decoding=\"async\" width=\"230\" height=\"128\" src=\"https:\/\/fenaer.org\/wp-content\/uploads\/2017\/12\/observatorio-laboral-230x128.png\" class=\"attachment-sydney-small-thumb size-sydney-small-thumb wp-post-image\" alt=\"\" srcset=\"https:\/\/fenaer.org\/wp-content\/uploads\/2017\/12\/observatorio-laboral-230x128.png 230w, https:\/\/fenaer.org\/wp-content\/uploads\/2017\/12\/observatorio-laboral-300x167.png 300w, https:\/\/fenaer.org\/wp-content\/uploads\/2017\/12\/observatorio-laboral-350x195.png 350w, https:\/\/fenaer.org\/wp-content\/uploads\/2017\/12\/observatorio-laboral.png 460w\" sizes=\"(max-width: 230px) 100vw, 230px\" \/>\t\t\t\t\t\t\t\t\t\t\t\t\t<\/div>\r\n\t\t\t\t\t\t\t\t\t\t\t\t\t\t\t\t\t\t\t\t\t\t\t\t\t<div class=\"client-item\">\r\n\t\t\t\t\t\t\t\t\t\t\t\t\t\t\t<a target=\"_self\" href=\"http:\/\/www.andrecweek.com\/\"><img loading=\"lazy\" decoding=\"async\" width=\"579\" height=\"150\" src=\"https:\/\/fenaer.org\/wp-content\/uploads\/2017\/12\/ANDREC-logo-1.png\" class=\"attachment-post-thumbnail size-post-thumbnail wp-post-image\" alt=\"\" srcset=\"https:\/\/fenaer.org\/wp-content\/uploads\/2017\/12\/ANDREC-logo-1.png 579w, https:\/\/fenaer.org\/wp-content\/uploads\/2017\/12\/ANDREC-logo-1-300x78.png 300w, https:\/\/fenaer.org\/wp-content\/uploads\/2017\/12\/ANDREC-logo-1-230x60.png 230w, https:\/\/fenaer.org\/wp-content\/uploads\/2017\/12\/ANDREC-logo-1-350x91.png 350w, https:\/\/fenaer.org\/wp-content\/uploads\/2017\/12\/ANDREC-logo-1-480x124.png 480w\" sizes=\"(max-width: 579px) 100vw, 579px\" \/><\/a>\r\n\t\t\t\t\t\t\t\t\t\t\t\t\t<\/div>\r\n\t\t\t\t\t\t\t\t\t\t\t\t\t\t\t\t\t\t\t\t\t\t\t\t\t<div class=\"client-item\">\r\n\t\t\t\t\t\t\t\t\t\t\t\t\t\t\t<a target=\"_self\" href=\"https:\/\/www.ul.com\/\"><img loading=\"lazy\" decoding=\"async\" width=\"350\" height=\"95\" src=\"https:\/\/fenaer.org\/wp-content\/uploads\/2017\/12\/ul.png\" class=\"attachment-post-thumbnail size-post-thumbnail wp-post-image\" alt=\"\" srcset=\"https:\/\/fenaer.org\/wp-content\/uploads\/2017\/12\/ul.png 350w, https:\/\/fenaer.org\/wp-content\/uploads\/2017\/12\/ul-300x81.png 300w, https:\/\/fenaer.org\/wp-content\/uploads\/2017\/12\/ul-230x62.png 230w\" sizes=\"(max-width: 350px) 100vw, 350px\" \/><\/a>\r\n\t\t\t\t\t\t\t\t\t\t\t\t\t<\/div>\r\n\t\t\t\t\t\t\t\t\t\t\t\t\t\t\t\t\t\t\t\t\t\t\t\t\t<div class=\"client-item\">\r\n\t\t\t\t\t\t\t\t\t\t\t\t\t\t\t<a target=\"_self\" href=\"https:\/\/ussolarinstitute.com\/\"><img loading=\"lazy\" decoding=\"async\" width=\"364\" height=\"138\" src=\"https:\/\/fenaer.org\/wp-content\/uploads\/2017\/12\/nabcep.png\" class=\"attachment-post-thumbnail size-post-thumbnail wp-post-image\" alt=\"\" srcset=\"https:\/\/fenaer.org\/wp-content\/uploads\/2017\/12\/nabcep.png 364w, https:\/\/fenaer.org\/wp-content\/uploads\/2017\/12\/nabcep-300x114.png 300w, https:\/\/fenaer.org\/wp-content\/uploads\/2017\/12\/nabcep-230x87.png 230w, https:\/\/fenaer.org\/wp-content\/uploads\/2017\/12\/nabcep-350x133.png 350w\" sizes=\"(max-width: 364px) 100vw, 364px\" \/><\/a>\r\n\t\t\t\t\t\t\t\t\t\t\t\t\t<\/div>\r\n\t\t\t\t\t\t\t\t\t\t\t\t\t\t\t\t\t\t\t\t\t\t\t\t\t<div class=\"client-item\">\r\n\t\t\t\t\t\t\t\t\t\t\t\t\t\t\t<a target=\"_self\" href=\"http:\/\/www.gie.com.co\/es\/\"><img loading=\"lazy\" decoding=\"async\" width=\"807\" height=\"425\" src=\"https:\/\/fenaer.org\/wp-content\/uploads\/2017\/12\/gie-logo.jpg\" class=\"attachment-post-thumbnail size-post-thumbnail wp-post-image\" alt=\"\" srcset=\"https:\/\/fenaer.org\/wp-content\/uploads\/2017\/12\/gie-logo.jpg 807w, https:\/\/fenaer.org\/wp-content\/uploads\/2017\/12\/gie-logo-300x158.jpg 300w, https:\/\/fenaer.org\/wp-content\/uploads\/2017\/12\/gie-logo-768x404.jpg 768w, https:\/\/fenaer.org\/wp-content\/uploads\/2017\/12\/gie-logo-230x121.jpg 230w, https:\/\/fenaer.org\/wp-content\/uploads\/2017\/12\/gie-logo-350x184.jpg 350w, https:\/\/fenaer.org\/wp-content\/uploads\/2017\/12\/gie-logo-480x253.jpg 480w\" sizes=\"(max-width: 807px) 100vw, 807px\" \/><\/a>\r\n\t\t\t\t\t\t\t\t\t\t\t\t\t<\/div>\r\n\t\t\t\t\t\t\t\t\t\t\t\t\t\t\t\t\t\t\t\t\t\t\t\t\t<div class=\"client-item\">\r\n\t\t\t\t\t\t\t\t\t\t\t\t\t\t\t<a target=\"_self\" href=\"http:\/\/www.uniminuto.edu.co\"><img loading=\"lazy\" decoding=\"async\" width=\"800\" height=\"500\" src=\"https:\/\/fenaer.org\/wp-content\/uploads\/2017\/12\/uniminuto-logo.gif\" class=\"attachment-post-thumbnail size-post-thumbnail wp-post-image\" alt=\"\" \/><\/a>\r\n\t\t\t\t\t\t\t\t\t\t\t\t\t<\/div>\r\n\t\t\t\t\t\t\t\t\t\t\t\t\t\t\t\t\t\t\t\t\t\t\t\t\t<div class=\"client-item\">\r\n\t\t\t\t\t\t\t\t\t\t\t\t\t\t\t<a target=\"_self\" href=\"http:\/\/www.solarenergy.com\"><img loading=\"lazy\" decoding=\"async\" width=\"640\" height=\"320\" src=\"https:\/\/fenaer.org\/wp-content\/uploads\/2017\/12\/solar-internacional.jpg\" class=\"attachment-post-thumbnail size-post-thumbnail wp-post-image\" alt=\"\" srcset=\"https:\/\/fenaer.org\/wp-content\/uploads\/2017\/12\/solar-internacional.jpg 640w, https:\/\/fenaer.org\/wp-content\/uploads\/2017\/12\/solar-internacional-300x150.jpg 300w\" sizes=\"(max-width: 640px) 100vw, 640px\" \/><\/a>\r\n\t\t\t\t\t\t\t\t\t\t\t\t\t<\/div>\r\n\t\t\t\t\t\t\t\t\t\t\t\t\t\t\t\t\t\t\t\t\t\t\t\t\t<div class=\"client-item\">\r\n\t\t\t\t\t\t\t\t\t\t\t\t\t\t\t<a target=\"_self\" href=\"http:\/\/www.funcener.org\"><img loading=\"lazy\" decoding=\"async\" width=\"416\" height=\"121\" src=\"https:\/\/fenaer.org\/wp-content\/uploads\/2017\/11\/logo-funcener.png\" class=\"attachment-post-thumbnail size-post-thumbnail wp-post-image\" alt=\"\" srcset=\"https:\/\/fenaer.org\/wp-content\/uploads\/2017\/11\/logo-funcener.png 416w, https:\/\/fenaer.org\/wp-content\/uploads\/2017\/11\/logo-funcener-300x87.png 300w\" sizes=\"(max-width: 416px) 100vw, 416px\" \/><\/a>\r\n\t\t\t\t\t\t\t\t\t\t\t\t\t<\/div>\r\n\t\t\t\t\t\t\t\t\t\t\t\t\t\t\t\t\t\t\t\t\t\t\t\t\t<div class=\"client-item\">\r\n\t\t\t\t\t\t\t\t\t\t\t\t\t\t\t<a target=\"_self\" href=\"http:\/\/www.sena.goc.co\"><img loading=\"lazy\" decoding=\"async\" width=\"640\" height=\"320\" src=\"https:\/\/fenaer.org\/wp-content\/uploads\/2017\/12\/logo-del-sena.png\" class=\"attachment-post-thumbnail size-post-thumbnail wp-post-image\" alt=\"\" srcset=\"https:\/\/fenaer.org\/wp-content\/uploads\/2017\/12\/logo-del-sena.png 640w, https:\/\/fenaer.org\/wp-content\/uploads\/2017\/12\/logo-del-sena-300x150.png 300w\" sizes=\"(max-width: 640px) 100vw, 640px\" \/><\/a>\r\n\t\t\t\t\t\t\t\t\t\t\t\t\t<\/div>\r\n\t\t\t\t\t\t\t\t\t\t\t\t\t<\/div>\t\t\r\n\r\n\t\t\t\t\r\n\r\n\r\n\t<\/div><\/div><\/div><\/div><\/div><\/div>","protected":false},"excerpt":{"rendered":"<p>Renpower Colombia &#8211; The Renewable Energy &#038; Power Infrastructure Investors Conference &nbsp; RENPOWER COLOMBIA\u00a0se presenta como una plataforma informativa y de \u201cnetworking\u201d [&hellip;]<\/p>\n","protected":false},"author":1,"featured_media":0,"parent":0,"menu_order":1,"comment_status":"closed","ping_status":"closed","template":"page-templates\/page_fullwidth.php","meta":{"footnotes":""},"_links":{"self":[{"href":"https:\/\/fenaer.org\/index.php?rest_route=\/wp\/v2\/pages\/20"}],"collection":[{"href":"https:\/\/fenaer.org\/index.php?rest_route=\/wp\/v2\/pages"}],"about":[{"href":"https:\/\/fenaer.org\/index.php?rest_route=\/wp\/v2\/types\/page"}],"author":[{"embeddable":true,"href":"https:\/\/fenaer.org\/index.php?rest_route=\/wp\/v2\/users\/1"}],"replies":[{"embeddable":true,"href":"https:\/\/fenaer.org\/index.php?rest_route=%2Fwp%2Fv2%2Fcomments&post=20"}],"version-history":[{"count":260,"href":"https:\/\/fenaer.org\/index.php?rest_route=\/wp\/v2\/pages\/20\/revisions"}],"predecessor-version":[{"id":1068,"href":"https:\/\/fenaer.org\/index.php?rest_route=\/wp\/v2\/pages\/20\/revisions\/1068"}],"wp:attachment":[{"href":"https:\/\/fenaer.org\/index.php?rest_route=%2Fwp%2Fv2%2Fmedia&parent=20"}],"curies":[{"name":"wp","href":"https:\/\/api.w.org\/{rel}","templated":true}]}}