{"id":264,"date":"2017-12-04T21:43:38","date_gmt":"2017-12-04T21:43:38","guid":{"rendered":"http:\/\/fenaer.org\/wordpress\/wordpress\/?page_id=264"},"modified":"2017-12-11T17:01:50","modified_gmt":"2017-12-11T17:01:50","slug":"estudios-energeticos-ambientales","status":"publish","type":"page","link":"https:\/\/fenaer.org\/?page_id=264","title":{"rendered":"Estudios Energ\u00e9ticos Ambientales"},"content":{"rendered":"<p><img loading=\"lazy\" decoding=\"async\" class=\"alignnone wp-image-696\" src=\"http:\/\/fenaer.org\/wordpress\/wordpress\/wp-content\/uploads\/2017\/12\/book-863418_1920-300x188.jpg\" alt=\"\" width=\"1187\" height=\"744\" srcset=\"https:\/\/fenaer.org\/wp-content\/uploads\/2017\/12\/book-863418_1920-300x188.jpg 300w, https:\/\/fenaer.org\/wp-content\/uploads\/2017\/12\/book-863418_1920-768x480.jpg 768w, https:\/\/fenaer.org\/wp-content\/uploads\/2017\/12\/book-863418_1920-830x519.jpg 830w, https:\/\/fenaer.org\/wp-content\/uploads\/2017\/12\/book-863418_1920-230x144.jpg 230w, https:\/\/fenaer.org\/wp-content\/uploads\/2017\/12\/book-863418_1920-350x219.jpg 350w, https:\/\/fenaer.org\/wp-content\/uploads\/2017\/12\/book-863418_1920-480x300.jpg 480w\" sizes=\"(max-width: 1187px) 100vw, 1187px\" \/><\/p>\n<p>Ofrecemos asesor\u00edas y acompa\u00f1amiento en la elaboraci\u00f3n de estudios ambientales para la planificaci\u00f3n y ejecuci\u00f3n de diversos tipos de proyectos. Estos estudios est\u00e1n orientadas a reconocer, prevenir, mitigar, corregir o compensar los impactos y efectos ambientales que se causen por el desarrollo de una \u00a0obra o actividad. Adem\u00e1s del cumplimiento normativo y contractual de los componentes espec\u00edficos fortaleciendo un desarrollo ambiental sostenible.<\/p>\n<h3>Servicios<\/h3>\n<ul>\n<li>Planes de Manejo Ambiental (PMA).<\/li>\n<li>Tr\u00e1mites de Manejo Forestal.<\/li>\n<li>Proyectos de Revegetalizaci\u00f3n.<\/li>\n<li>Certificado y seguimiento de Buenas Pr\u00e1cticas Agr\u00edcolas (BPA).<\/li>\n<li>Estudios de agua, suelos y\u00a0ruido.<\/li>\n<\/ul>\n<h3>\u00bfC\u00f3mo se hace?<\/h3>\n<ul>\n<li>Visitas t\u00e9cnicas y acompa\u00f1amientos en \u00e1reas de influencia.<\/li>\n<li>Revisi\u00f3n de requisitos contractuales.<\/li>\n<li>Gesti\u00f3n con entidades ambientales competentes e interventor\u00edas si aplicase.<\/li>\n<li>Elaboraci\u00f3n de productos establecidos con respectivos an\u00e1lisis.<\/li>\n<li>Capacitaciones y campa\u00f1as.<\/li>\n<\/ul>\n<h3>Beneficios de un estudio ambiental:<\/h3>\n<ul>\n<li>Integraci\u00f3n a departamentos de gesti\u00f3n ambiental.<\/li>\n<li>Conocimiento de la organizaci\u00f3n de sus aspectos e impactos ambientales generados por la ejecuci\u00f3n de su proyecto.<\/li>\n<li>Recomendaciones t\u00e9cnicas para un desarrollo sostenible.<\/li>\n<li>Cumplimiento de normatividad ambiental vigente y requisitos contractuales para as\u00ed evitar sanciones y comparendos ambientales.<\/li>\n<li>Estrategias de mitigaci\u00f3n y compensaci\u00f3n ambiental.<\/li>\n<\/ul>\n","protected":false},"excerpt":{"rendered":"<p>Ofrecemos asesor\u00edas y acompa\u00f1amiento en la elaboraci\u00f3n de estudios ambientales para la planificaci\u00f3n y ejecuci\u00f3n de diversos tipos de proyectos. Estos estudios [&hellip;]<\/p>\n","protected":false},"author":1,"featured_media":0,"parent":0,"menu_order":0,"comment_status":"closed","ping_status":"closed","template":"page-templates\/page_fullwidth.php","meta":{"footnotes":""},"_links":{"self":[{"href":"https:\/\/fenaer.org\/index.php?rest_route=\/wp\/v2\/pages\/264"}],"collection":[{"href":"https:\/\/fenaer.org\/index.php?rest_route=\/wp\/v2\/pages"}],"about":[{"href":"https:\/\/fenaer.org\/index.php?rest_route=\/wp\/v2\/types\/page"}],"author":[{"embeddable":true,"href":"https:\/\/fenaer.org\/index.php?rest_route=\/wp\/v2\/users\/1"}],"replies":[{"embeddable":true,"href":"https:\/\/fenaer.org\/index.php?rest_route=%2Fwp%2Fv2%2Fcomments&post=264"}],"version-history":[{"count":5,"href":"https:\/\/fenaer.org\/index.php?rest_route=\/wp\/v2\/pages\/264\/revisions"}],"predecessor-version":[{"id":720,"href":"https:\/\/fenaer.org\/index.php?rest_route=\/wp\/v2\/pages\/264\/revisions\/720"}],"wp:attachment":[{"href":"https:\/\/fenaer.org\/index.php?rest_route=%2Fwp%2Fv2%2Fmedia&parent=264"}],"curies":[{"name":"wp","href":"https:\/\/api.w.org\/{rel}","templated":true}]}}