{"id":279,"date":"2017-12-04T21:43:45","date_gmt":"2017-12-04T21:43:45","guid":{"rendered":"http:\/\/fenaer.org\/wordpress\/wordpress\/?page_id=279"},"modified":"2017-12-11T17:22:32","modified_gmt":"2017-12-11T17:22:32","slug":"responsabilidad-social-empresarial","status":"publish","type":"page","link":"https:\/\/fenaer.org\/?page_id=279","title":{"rendered":"Responsabilidad Social Empresarial"},"content":{"rendered":"<div id='gallery-1' class='gallery galleryid-279 gallery-columns-2 gallery-size-large'><figure class='gallery-item'>\n\t\t\t<div class='gallery-icon landscape'>\n\t\t\t\t<a href='https:\/\/fenaer.org\/?attachment_id=14'><img loading=\"lazy\" decoding=\"async\" width=\"1024\" height=\"683\" src=\"https:\/\/fenaer.org\/wp-content\/uploads\/2017\/11\/img003-1024x683.png\" class=\"attachment-large size-large\" alt=\"\" srcset=\"https:\/\/fenaer.org\/wp-content\/uploads\/2017\/11\/img003.png 1024w, https:\/\/fenaer.org\/wp-content\/uploads\/2017\/11\/img003-300x200.png 300w, https:\/\/fenaer.org\/wp-content\/uploads\/2017\/11\/img003-768x512.png 768w\" sizes=\"(max-width: 1024px) 100vw, 1024px\" \/><\/a>\n\t\t\t<\/div><\/figure><figure class='gallery-item'>\n\t\t\t<div class='gallery-icon landscape'>\n\t\t\t\t<a href='https:\/\/fenaer.org\/?attachment_id=121'><img loading=\"lazy\" decoding=\"async\" width=\"1024\" height=\"683\" src=\"https:\/\/fenaer.org\/wp-content\/uploads\/2017\/11\/web_DSC9012-1024x683.jpg\" class=\"attachment-large size-large\" alt=\"\" srcset=\"https:\/\/fenaer.org\/wp-content\/uploads\/2017\/11\/web_DSC9012-1024x683.jpg 1024w, https:\/\/fenaer.org\/wp-content\/uploads\/2017\/11\/web_DSC9012-300x200.jpg 300w, https:\/\/fenaer.org\/wp-content\/uploads\/2017\/11\/web_DSC9012-768x512.jpg 768w, https:\/\/fenaer.org\/wp-content\/uploads\/2017\/11\/web_DSC9012.jpg 1200w\" sizes=\"(max-width: 1024px) 100vw, 1024px\" \/><\/a>\n\t\t\t<\/div><\/figure><figure class='gallery-item'>\n\t\t\t<div class='gallery-icon landscape'>\n\t\t\t\t<a href='https:\/\/fenaer.org\/?attachment_id=642'><img loading=\"lazy\" decoding=\"async\" width=\"1024\" height=\"791\" src=\"https:\/\/fenaer.org\/wp-content\/uploads\/2017\/12\/cooperate-2924261_1280-1024x791.png\" class=\"attachment-large size-large\" alt=\"\" srcset=\"https:\/\/fenaer.org\/wp-content\/uploads\/2017\/12\/cooperate-2924261_1280-1024x791.png 1024w, https:\/\/fenaer.org\/wp-content\/uploads\/2017\/12\/cooperate-2924261_1280-300x232.png 300w, https:\/\/fenaer.org\/wp-content\/uploads\/2017\/12\/cooperate-2924261_1280-768x593.png 768w, https:\/\/fenaer.org\/wp-content\/uploads\/2017\/12\/cooperate-2924261_1280-830x641.png 830w, https:\/\/fenaer.org\/wp-content\/uploads\/2017\/12\/cooperate-2924261_1280-230x178.png 230w, https:\/\/fenaer.org\/wp-content\/uploads\/2017\/12\/cooperate-2924261_1280-350x270.png 350w, https:\/\/fenaer.org\/wp-content\/uploads\/2017\/12\/cooperate-2924261_1280-480x371.png 480w, https:\/\/fenaer.org\/wp-content\/uploads\/2017\/12\/cooperate-2924261_1280.png 1280w\" sizes=\"(max-width: 1024px) 100vw, 1024px\" \/><\/a>\n\t\t\t<\/div><\/figure><figure class='gallery-item'>\n\t\t\t<div class='gallery-icon landscape'>\n\t\t\t\t<a href='https:\/\/fenaer.org\/?attachment_id=54'><img loading=\"lazy\" decoding=\"async\" width=\"1024\" height=\"768\" src=\"https:\/\/fenaer.org\/wp-content\/uploads\/2017\/11\/solar-panels-945801_1920-1024x768.jpg\" class=\"attachment-large size-large\" alt=\"\" srcset=\"https:\/\/fenaer.org\/wp-content\/uploads\/2017\/11\/solar-panels-945801_1920-1024x768.jpg 1024w, https:\/\/fenaer.org\/wp-content\/uploads\/2017\/11\/solar-panels-945801_1920-300x225.jpg 300w, https:\/\/fenaer.org\/wp-content\/uploads\/2017\/11\/solar-panels-945801_1920-768x576.jpg 768w, https:\/\/fenaer.org\/wp-content\/uploads\/2017\/11\/solar-panels-945801_1920.jpg 1920w\" sizes=\"(max-width: 1024px) 100vw, 1024px\" \/><\/a>\n\t\t\t<\/div><\/figure>\n\t\t<\/div>\n\n<p>En FENAER consideramos la responsabilidad social empresarial (RSE) como la integraci\u00f3n voluntaria por parte de cualquier individuo \u00a0o empresa frente a las realidades sociales, medioambientales y todas las relaciones que \u00e9sta mantiene con sus distintos grupos de inter\u00e9s, como parte esencial de nuestra misi\u00f3n y valores de trabajo.<\/p>\n<p>FENAER es una empresa dedicada a prestar asistencia t\u00e9cnica y de planificaci\u00f3n estrat\u00e9gica en Responsabilidad Social y ambiental a sus clientes en el \u00e1mbito del desarrollo sostenible.<\/p>\n<h3>Servicios<\/h3>\n<ul>\n<li>Asesoramiento en las fases de implementaci\u00f3n de la responsabilidad social empresarial RSE que van desde el dise\u00f1o, diagn\u00f3stico, ejecuci\u00f3n y evaluaci\u00f3n de las pol\u00edticas hasta su evaluaci\u00f3n y comunicaci\u00f3n.<\/li>\n<\/ul>\n<ul>\n<li>Ofrecemos modelos de informaci\u00f3n y seguimiento que facilitan mantenerse enterado sobre el comportamiento de la responsabilidad social empresarial dentro de una organizaci\u00f3n, el mercado y los movimientos de la competencia, establecemos\u00a0los programas adecuados que garantizan el m\u00e1ximo respeto hacia los espacios naturales de inter\u00e9s ecol\u00f3gico cient\u00edfico, educativo, cultural, paisaj\u00edstico y recreativo, creando\u00a0c\u00f3digos de conductas medioambientales.<\/li>\n<\/ul>\n<ul>\n<li>Comprobar la eficacia del c\u00f3digo mediante la vigilancia de su cumplimiento a todos los niveles de gesti\u00f3n de la compa\u00f1\u00eda, as\u00ed como a trav\u00e9s de su revisi\u00f3n permanente para adecuarlo a las nuevas demandas sociales.<\/li>\n<\/ul>\n<ul>\n<li>Ofrecemos modelos elaborados como el Manual de Compra Verde o Responsabilidad en la Cadena de Suministro.<\/li>\n<\/ul>\n<h3>\u00bfC\u00f3mo se hace?<\/h3>\n<p>Proporcionamos la informaci\u00f3n, formaci\u00f3n y ambiente de trabajo apropiados para que las empresas, sus clientes y grupos de inter\u00e9s se involucren en la consecuci\u00f3n de los objetivos medioambientales de la organizaci\u00f3n.<\/p>\n<h3>Beneficios<\/h3>\n<p>La RSE va de la mano con la pol\u00edtica ambiental compensando voluntariamente las emisiones mediante proyectos de mitigaci\u00f3n del cambio clim\u00e1tico.<\/p>\n<p>Minimizar el impacto ambiental de las actividades reduciendo al m\u00e1ximo el consumo de recursos naturales, energ\u00e9ticos y materias primas necesarias disminuyendo al m\u00e1ximo la generaci\u00f3n de residuos y las emisiones de gases efecto invernadero en los procesos de producci\u00f3n.<\/p>\n<p>Inversiones eficientes de los recursos para el desarrollo sostenible, involucrando en el proceso el mayor n\u00famero posible de actores y fuentes no convencionales de energ\u00eda.<\/p>\n","protected":false},"excerpt":{"rendered":"<p>En FENAER consideramos la responsabilidad social empresarial (RSE) como la integraci\u00f3n voluntaria por parte de cualquier individuo \u00a0o empresa frente a las [&hellip;]<\/p>\n","protected":false},"author":1,"featured_media":0,"parent":0,"menu_order":0,"comment_status":"closed","ping_status":"closed","template":"page-templates\/page_fullwidth.php","meta":{"footnotes":""},"_links":{"self":[{"href":"https:\/\/fenaer.org\/index.php?rest_route=\/wp\/v2\/pages\/279"}],"collection":[{"href":"https:\/\/fenaer.org\/index.php?rest_route=\/wp\/v2\/pages"}],"about":[{"href":"https:\/\/fenaer.org\/index.php?rest_route=\/wp\/v2\/types\/page"}],"author":[{"embeddable":true,"href":"https:\/\/fenaer.org\/index.php?rest_route=\/wp\/v2\/users\/1"}],"replies":[{"embeddable":true,"href":"https:\/\/fenaer.org\/index.php?rest_route=%2Fwp%2Fv2%2Fcomments&post=279"}],"version-history":[{"count":7,"href":"https:\/\/fenaer.org\/index.php?rest_route=\/wp\/v2\/pages\/279\/revisions"}],"predecessor-version":[{"id":702,"href":"https:\/\/fenaer.org\/index.php?rest_route=\/wp\/v2\/pages\/279\/revisions\/702"}],"wp:attachment":[{"href":"https:\/\/fenaer.org\/index.php?rest_route=%2Fwp%2Fv2%2Fmedia&parent=279"}],"curies":[{"name":"wp","href":"https:\/\/api.w.org\/{rel}","templated":true}]}}