{"id":280,"date":"2017-12-04T21:43:46","date_gmt":"2017-12-04T21:43:46","guid":{"rendered":"http:\/\/fenaer.org\/wordpress\/wordpress\/?page_id=280"},"modified":"2017-12-11T14:19:28","modified_gmt":"2017-12-11T14:19:28","slug":"asesoria","status":"publish","type":"page","link":"https:\/\/fenaer.org\/?page_id=280","title":{"rendered":"Asesor\u00eda"},"content":{"rendered":"<h2 class=\"vc_custom_heading vc_custom_1483712584138\">ISO 5000-1<\/h2>\n<div class=\"wpb_text_column wpb_content_element wpb_animate_when_almost_visible wpb_left-to-right wpb_start_animation\">\n<div class=\"wpb_wrapper\">\n<p><strong>Sistemas de Gesti\u00f3n de\u00a0 Energ\u00eda (SGE)<\/strong><br \/>\nOfrecemos consultor\u00edas y asesor\u00edas en la implementaci\u00f3n de la norma ISO 50001 (SGE), la cual fue creada para gesti\u00f3n eficiente de la energ\u00eda y brindar alternativas para la reducci\u00f3n de las emisiones de gases de efecto invernadero, de los consumos energ\u00e9ticos y costos de la energ\u00eda.<\/p>\n<p>Esta norma hace posible la planificaci\u00f3n de actividades encaminadas a la mitigaci\u00f3n del cambio clim\u00e1tico por parte de la organizaci\u00f3n; adem\u00e1s de caracterizar el impacto ambiental a trav\u00e9s compensaci\u00f3n de emisiones de gases efecto invernadero. Por otro lado abre las puertas a la implementaci\u00f3n de las energ\u00edas renovables como herramientas para un desarrollo sostenible y uso eficiente de la energ\u00eda.<\/p>\n<\/div>\n<h3>Servicios:<\/h3>\n<ul>\n<li>Dise\u00f1o e implementaci\u00f3n de la Norma ISO 50001 (SGE).<\/li>\n<li>Auditorias internas a Sistemas de Gesti\u00f3n de la Energ\u00eda (SGE) .<\/li>\n<li>Revisiones energ\u00e9ticas.<\/li>\n<li>An\u00e1lisis de proyectos de eficiencia energ\u00e9tica y beneficios tributarios por su implementaci\u00f3n.<\/li>\n<li>Inventario de emisiones gases efecto invernadero (huella de carbono corporativa).<\/li>\n<li>Estudios el\u00e9ctricos: Retie, descargas atmosf\u00e9ricas, calidad de energ\u00eda, entre otros.<\/li>\n<li>Capacitaciones y campa\u00f1as de uso eficiente de la energ\u00eda y cambio clim\u00e1tico.<\/li>\n<\/ul>\n<\/div>\n<h3>Beneficios de un SGE<\/h3>\n<ul>\n<li>Estrategias que permitan disminuir el consumo de energ\u00eda, para con ello lograr importantes ahorros econ\u00f3micos.<\/li>\n<li>Liderazgo ambiental y mayor competitividad a nivel nacional e internacional.<\/li>\n<li>Integrar la eficiencia energ\u00e9tica dentro de la cultura de la empresa.<\/li>\n<li>Beneficios ambientales, como la reducci\u00f3n de Emisiones de Gases Efecto Invernadero (GEI), contribuyendo a la mitigaci\u00f3n del cambio clim\u00e1tico. Aporte al gobierno nacional en cuanto a sus compromisos a nivel internacional COP 21.<\/li>\n<li>Integrar las variables energ\u00e9ticas y de emisiones en las decisiones estrat\u00e9gicas y operacionales.<\/li>\n<li>Posibilidad de optar a beneficios tributarios legales como exclusi\u00f3n de IVA y aranceles, para proyectos de eficiencia energ\u00e9tica.<\/li>\n<li>Integraci\u00f3n con el aprovechamiento de energ\u00edas renovables, mejorando as\u00ed la gesti\u00f3n de la demanda energ\u00e9tica.<\/li>\n<\/ul>\n","protected":false},"excerpt":{"rendered":"<p>ISO 5000-1 Sistemas de Gesti\u00f3n de\u00a0 Energ\u00eda (SGE) Ofrecemos consultor\u00edas y asesor\u00edas en la implementaci\u00f3n de la norma ISO 50001 (SGE), la [&hellip;]<\/p>\n","protected":false},"author":1,"featured_media":0,"parent":0,"menu_order":0,"comment_status":"closed","ping_status":"closed","template":"page-templates\/page_fullwidth.php","meta":{"footnotes":""},"_links":{"self":[{"href":"https:\/\/fenaer.org\/index.php?rest_route=\/wp\/v2\/pages\/280"}],"collection":[{"href":"https:\/\/fenaer.org\/index.php?rest_route=\/wp\/v2\/pages"}],"about":[{"href":"https:\/\/fenaer.org\/index.php?rest_route=\/wp\/v2\/types\/page"}],"author":[{"embeddable":true,"href":"https:\/\/fenaer.org\/index.php?rest_route=\/wp\/v2\/users\/1"}],"replies":[{"embeddable":true,"href":"https:\/\/fenaer.org\/index.php?rest_route=%2Fwp%2Fv2%2Fcomments&post=280"}],"version-history":[{"count":2,"href":"https:\/\/fenaer.org\/index.php?rest_route=\/wp\/v2\/pages\/280\/revisions"}],"predecessor-version":[{"id":399,"href":"https:\/\/fenaer.org\/index.php?rest_route=\/wp\/v2\/pages\/280\/revisions\/399"}],"wp:attachment":[{"href":"https:\/\/fenaer.org\/index.php?rest_route=%2Fwp%2Fv2%2Fmedia&parent=280"}],"curies":[{"name":"wp","href":"https:\/\/api.w.org\/{rel}","templated":true}]}}