{"id":40,"date":"2017-11-29T05:30:50","date_gmt":"2017-11-29T05:30:50","guid":{"rendered":"http:\/\/fenaer.org\/wordpress\/wordpress\/?page_id=40"},"modified":"2017-12-11T17:56:14","modified_gmt":"2017-12-11T17:56:14","slug":"noticias","status":"publish","type":"page","link":"https:\/\/fenaer.org\/?page_id=40","title":{"rendered":"Noticias"},"content":{"rendered":"<p>&nbsp;<\/p>\n<p><img loading=\"lazy\" decoding=\"async\" class=\"alignnone wp-image-710\" src=\"http:\/\/fenaer.org\/wordpress\/wordpress\/wp-content\/uploads\/2017\/12\/social-1989152_1920-300x201.jpg\" alt=\"\" width=\"991\" height=\"664\" srcset=\"https:\/\/fenaer.org\/wp-content\/uploads\/2017\/12\/social-1989152_1920-300x201.jpg 300w, https:\/\/fenaer.org\/wp-content\/uploads\/2017\/12\/social-1989152_1920-768x514.jpg 768w, https:\/\/fenaer.org\/wp-content\/uploads\/2017\/12\/social-1989152_1920-1024x685.jpg 1024w, https:\/\/fenaer.org\/wp-content\/uploads\/2017\/12\/social-1989152_1920-830x555.jpg 830w, https:\/\/fenaer.org\/wp-content\/uploads\/2017\/12\/social-1989152_1920-230x154.jpg 230w, https:\/\/fenaer.org\/wp-content\/uploads\/2017\/12\/social-1989152_1920-350x234.jpg 350w, https:\/\/fenaer.org\/wp-content\/uploads\/2017\/12\/social-1989152_1920-480x321.jpg 480w, https:\/\/fenaer.org\/wp-content\/uploads\/2017\/12\/social-1989152_1920.jpg 1920w\" sizes=\"(max-width: 991px) 100vw, 991px\" \/><\/p>\n<div class=\"node-social-networks field field--name-field-social-networks field--type-field-social-networks field--label-hidden\"><\/div>\n<div class=\"group-container field-group-html-element\">\n<div class=\"node-title field field--name-title field--type-ds field--label-hidden\">\n<h1>El cambio clim\u00e1tico amenaza el patrimonio natural de Suram\u00e9rica<\/h1>\n<\/div>\n<\/div>\n<p><a href=\"http:\/\/https:\/\/www.elespectador.com\/noticias\/medio-ambiente\/el-cambio-climatico-amenaza-el-patrimonio-natural-de-suramerica-articulo-727782\" target=\"_blank\" rel=\"noopener\">El cambio clim\u00e1tico amenaza el patrimonio natural de Suram\u00e9rica Medio Ambiente 11 Dic 2017 &#8211; 11:46 AM Redacci\u00f3n VIVIR De 241 sitios en el mundo declarados Patrimonio Natural de la Humanidad por la Unesco, 62 est\u00e1n en peligro Salto El Tendal Melissa Valenzuela \/ Parque Nacional Natural Los Kat\u00edos De acuerdo con el m\u00e1s reciente informe Perspectiva del Patrimonio Mundial, realizado por la Uni\u00f3n Internacional para la Conservaci\u00f3n Natural (IUCN), los impactos del cambio clim\u00e1tico aument\u00f3 en 77% las amenazas sobre los sitios que la Unesco ha declarado como patrimonio natural de la humanidad.<\/a><\/p>\n<p>&nbsp;<\/p>\n<h1 id=\"articulo-titulo\" class=\"articulo-titulo \">M\u00e9xico generar\u00e1 la electricidad m\u00e1s barata del mundo<\/h1>\n<p><a href=\"https:\/\/elpais.com\/economia\/2017\/12\/07\/actualidad\/1512602315_489392.html\" target=\"_blank\" rel=\"noopener\">La electricidad m\u00e1s barata del mundo se generar\u00e1, a partir de 2020, en el Estado mexicano de Coahuila (norte del pa\u00eds). El gigante energ\u00e9tico Enel se ha hecho, en la \u00faltima subasta de energ\u00eda a largo plazo celebrada en M\u00e9xico a mediados de noviembre, con un contrato por el que se compromete a generar electricidad a un precio de 17,7 d\u00f3lares por MWh, el m\u00e1s bajo del mundo seg\u00fan los datos de Bloomberg New Energy Finance, en una planta de 100MW de capacidad instalada que ya est\u00e1 en fase de construcci\u00f3n muy cerca de la frontera con Estados Unidos. Hasta ahora, el precio m\u00e1s bajo se registraba en Arabia Saud\u00ed, donde un proyecto de energ\u00eda solar se compromete a generar electricidad a un precio de 17,9 d\u00f3lares por MWh.<\/a><\/p>\n<p>&nbsp;<\/p>\n<h1>La \u00abjusticia clim\u00e1tica\u00bb, una lucha en ciernes<\/h1>\n<p><a href=\"http:\/\/https:\/\/www.elespectador.com\/noticias\/medio-ambiente\/la-justicia-climatica-una-lucha-en-ciernes-articulo-727718\" target=\"_blank\" rel=\"noopener\">Para los m\u00e1s vulnerables La idea de justicia clim\u00e1tica emerge a principios de los a\u00f1os 2000, promovida por movimientos ciudadanos que denuncian las desigualdades entre las poblaciones del Norte y del Sur frente a los efectos del cambio clim\u00e1tico. Las oeneg\u00e9s insisten en el derecho de todos, y en especial de los m\u00e1s vulnerables, de vivir en un planeta \u00aben buen estado de salud\u00bb.<\/a><\/p>\n<p>&nbsp;<\/p>\n","protected":false},"excerpt":{"rendered":"<p>&nbsp; El cambio clim\u00e1tico amenaza el patrimonio natural de Suram\u00e9rica El cambio clim\u00e1tico amenaza el patrimonio natural de Suram\u00e9rica Medio Ambiente 11 [&hellip;]<\/p>\n","protected":false},"author":1,"featured_media":0,"parent":0,"menu_order":0,"comment_status":"closed","ping_status":"closed","template":"page-templates\/page_fullwidth.php","meta":{"footnotes":""},"_links":{"self":[{"href":"https:\/\/fenaer.org\/index.php?rest_route=\/wp\/v2\/pages\/40"}],"collection":[{"href":"https:\/\/fenaer.org\/index.php?rest_route=\/wp\/v2\/pages"}],"about":[{"href":"https:\/\/fenaer.org\/index.php?rest_route=\/wp\/v2\/types\/page"}],"author":[{"embeddable":true,"href":"https:\/\/fenaer.org\/index.php?rest_route=\/wp\/v2\/users\/1"}],"replies":[{"embeddable":true,"href":"https:\/\/fenaer.org\/index.php?rest_route=%2Fwp%2Fv2%2Fcomments&post=40"}],"version-history":[{"count":6,"href":"https:\/\/fenaer.org\/index.php?rest_route=\/wp\/v2\/pages\/40\/revisions"}],"predecessor-version":[{"id":712,"href":"https:\/\/fenaer.org\/index.php?rest_route=\/wp\/v2\/pages\/40\/revisions\/712"}],"wp:attachment":[{"href":"https:\/\/fenaer.org\/index.php?rest_route=%2Fwp%2Fv2%2Fmedia&parent=40"}],"curies":[{"name":"wp","href":"https:\/\/api.w.org\/{rel}","templated":true}]}}