{"id":41,"date":"2017-11-29T05:30:51","date_gmt":"2017-11-29T05:30:51","guid":{"rendered":"http:\/\/fenaer.org\/wordpress\/wordpress\/?page_id=41"},"modified":"2018-02-19T17:06:27","modified_gmt":"2018-02-19T17:06:27","slug":"normatividad","status":"publish","type":"page","link":"https:\/\/fenaer.org\/?page_id=41","title":{"rendered":"Normatividad"},"content":{"rendered":"<p>&nbsp;<\/p>\n<p style=\"text-align: center;\">En FENAER estamos comprometidos con la implementaci\u00f3n de los Sistemas de<img loading=\"lazy\" decoding=\"async\" class=\"size-medium wp-image-36 alignright\" src=\"http:\/\/fenaer.org\/wp-content\/uploads\/2017\/11\/solar-872591_1920-300x225.jpg\" alt=\"\" width=\"300\" height=\"225\" srcset=\"https:\/\/fenaer.org\/wp-content\/uploads\/2017\/11\/solar-872591_1920-300x225.jpg 300w, https:\/\/fenaer.org\/wp-content\/uploads\/2017\/11\/solar-872591_1920-768x576.jpg 768w, https:\/\/fenaer.org\/wp-content\/uploads\/2017\/11\/solar-872591_1920-1024x768.jpg 1024w, https:\/\/fenaer.org\/wp-content\/uploads\/2017\/11\/solar-872591_1920.jpg 1920w\" sizes=\"(max-width: 300px) 100vw, 300px\" \/> Gesti\u00f3n de Calidad ISO 9001, 14001, 50001 y OHSAS 18001 para ofrecer a nuestros clientes el mejor servicio dentro de los est\u00e1ndares normativos que implican un mejoramiento continuo de nuestras unidades de negocio. Estamos en v\u00eda de certificarnos en nuestro primer sistema de Gesti\u00f3n de Energ\u00eda ISO 50001 generando una cultura de optimizaci\u00f3n, estandarizaci\u00f3n y normalizaci\u00f3n de todos nuestros procesos energ\u00e9ticos y gesti\u00f3n de emisiones de Gases Efecto Invernadero.<\/p>\n<p style=\"text-align: center;\">A continuacion Podra consultar la diferente normatividad relacionada al sector electrico en lo que concierne a energias renovables-<\/p>\n","protected":false},"excerpt":{"rendered":"<p>&nbsp; En FENAER estamos comprometidos con la implementaci\u00f3n de los Sistemas de Gesti\u00f3n de Calidad ISO 9001, 14001, 50001 y OHSAS 18001 [&hellip;]<\/p>\n","protected":false},"author":1,"featured_media":0,"parent":0,"menu_order":0,"comment_status":"closed","ping_status":"closed","template":"page-templates\/page_fullwidth.php","meta":{"footnotes":""},"_links":{"self":[{"href":"https:\/\/fenaer.org\/index.php?rest_route=\/wp\/v2\/pages\/41"}],"collection":[{"href":"https:\/\/fenaer.org\/index.php?rest_route=\/wp\/v2\/pages"}],"about":[{"href":"https:\/\/fenaer.org\/index.php?rest_route=\/wp\/v2\/types\/page"}],"author":[{"embeddable":true,"href":"https:\/\/fenaer.org\/index.php?rest_route=\/wp\/v2\/users\/1"}],"replies":[{"embeddable":true,"href":"https:\/\/fenaer.org\/index.php?rest_route=%2Fwp%2Fv2%2Fcomments&post=41"}],"version-history":[{"count":5,"href":"https:\/\/fenaer.org\/index.php?rest_route=\/wp\/v2\/pages\/41\/revisions"}],"predecessor-version":[{"id":843,"href":"https:\/\/fenaer.org\/index.php?rest_route=\/wp\/v2\/pages\/41\/revisions\/843"}],"wp:attachment":[{"href":"https:\/\/fenaer.org\/index.php?rest_route=%2Fwp%2Fv2%2Fmedia&parent=41"}],"curies":[{"name":"wp","href":"https:\/\/api.w.org\/{rel}","templated":true}]}}