{"id":42,"date":"2017-11-29T05:30:51","date_gmt":"2017-11-29T05:30:51","guid":{"rendered":"http:\/\/fenaer.org\/wordpress\/wordpress\/?page_id=42"},"modified":"2017-12-15T17:12:10","modified_gmt":"2017-12-15T17:12:10","slug":"social","status":"publish","type":"page","link":"https:\/\/fenaer.org\/?page_id=42","title":{"rendered":"Afiliados"},"content":{"rendered":"<p><strong>FENAER\u00a0<\/strong>invita a todos los desarrolladores e implementadores de proyectos de ingenier\u00eda renovables a Nivel nacional e internacional y a Empresas proveedoras de bienes y servicios para el desarrollo de la Industria de energ\u00edas renovables, a que formen parte de nuestra FEDERACION<strong>.<\/strong><\/p>\n<p><strong><img loading=\"lazy\" decoding=\"async\" class=\"wp-image-572 aligncenter\" src=\"http:\/\/fenaer.org\/wordpress\/wordpress\/wp-content\/uploads\/2017\/12\/shaking-hands-2499628_1280-300x158.jpg\" alt=\"\" width=\"983\" height=\"518\" srcset=\"https:\/\/fenaer.org\/wp-content\/uploads\/2017\/12\/shaking-hands-2499628_1280-300x158.jpg 300w, https:\/\/fenaer.org\/wp-content\/uploads\/2017\/12\/shaking-hands-2499628_1280-830x436.jpg 830w, https:\/\/fenaer.org\/wp-content\/uploads\/2017\/12\/shaking-hands-2499628_1280-230x121.jpg 230w, https:\/\/fenaer.org\/wp-content\/uploads\/2017\/12\/shaking-hands-2499628_1280-350x184.jpg 350w, https:\/\/fenaer.org\/wp-content\/uploads\/2017\/12\/shaking-hands-2499628_1280-480x252.jpg 480w\" sizes=\"(max-width: 983px) 100vw, 983px\" \/><\/strong><\/p>\n<p>&nbsp;<\/p>\n<p>&nbsp;<\/p>\n<p><strong>N<\/strong><strong>uestros afiliados podr\u00e1n<\/strong><\/p>\n<ul>\n<li>Participar del proceso de normalizaci\u00f3n nacional e internacional a trav\u00e9s de los diferentes comit\u00e9s.<\/li>\n<li>Recibir documentaci\u00f3n t\u00e9cnica emitida por los comit\u00e9s y obtener, de manera gratuita, los documentos normativos en los cuales haya participado la organizaci\u00f3n.<\/li>\n<li>acceso al Servicio de Informaci\u00f3n<\/li>\n<li>Como nuevo afiliado, accede durante un mes a la consulta gratuita de las Normas T\u00e9cnicas Colombianas del sector de su inter\u00e9s.<\/li>\n<li>Participar en Charlas Virtuales<em>,<\/em>\u00a0en temas t\u00e9cnicos de inter\u00e9s.<\/li>\n<li>Obtener descuentos especiales en productos y servicios<\/li>\n<\/ul>\n","protected":false},"excerpt":{"rendered":"<p>FENAER\u00a0invita a todos los desarrolladores e implementadores de proyectos de ingenier\u00eda renovables a Nivel nacional e internacional y a Empresas proveedoras de [&hellip;]<\/p>\n","protected":false},"author":1,"featured_media":0,"parent":0,"menu_order":0,"comment_status":"closed","ping_status":"closed","template":"page-templates\/page_fullwidth.php","meta":{"footnotes":""},"_links":{"self":[{"href":"https:\/\/fenaer.org\/index.php?rest_route=\/wp\/v2\/pages\/42"}],"collection":[{"href":"https:\/\/fenaer.org\/index.php?rest_route=\/wp\/v2\/pages"}],"about":[{"href":"https:\/\/fenaer.org\/index.php?rest_route=\/wp\/v2\/types\/page"}],"author":[{"embeddable":true,"href":"https:\/\/fenaer.org\/index.php?rest_route=\/wp\/v2\/users\/1"}],"replies":[{"embeddable":true,"href":"https:\/\/fenaer.org\/index.php?rest_route=%2Fwp%2Fv2%2Fcomments&post=42"}],"version-history":[{"count":17,"href":"https:\/\/fenaer.org\/index.php?rest_route=\/wp\/v2\/pages\/42\/revisions"}],"predecessor-version":[{"id":810,"href":"https:\/\/fenaer.org\/index.php?rest_route=\/wp\/v2\/pages\/42\/revisions\/810"}],"wp:attachment":[{"href":"https:\/\/fenaer.org\/index.php?rest_route=%2Fwp%2Fv2%2Fmedia&parent=42"}],"curies":[{"name":"wp","href":"https:\/\/api.w.org\/{rel}","templated":true}]}}